{"id":8,"date":"2019-08-05T02:46:01","date_gmt":"2019-08-05T00:46:01","guid":{"rendered":"https:\/\/comunisoft.com\/web\/?page_id=8"},"modified":"2019-09-15T14:12:41","modified_gmt":"2019-09-15T19:12:41","slug":"quienes-somos","status":"publish","type":"page","link":"https:\/\/comunisoft.com\/web\/quienes-somos\/","title":{"rendered":"Quienes Somos"},"content":{"rendered":"<p align=\"justify\">COMUNISOFT es una pieza clave en un grupo de sitios especializados en consultor\u00eda asociada a sistemas de informaci\u00f3n.<\/p>\n<p align=\"justify\">Nuestra empresa se conforma por un grupo de profesionales independientes especializados en tecnolog\u00eda inform\u00e1tica, nuestro objetivo principal es brindar apoyo profesional para su negocio en el \u00e1rea de tecnolog\u00eda de la informaci\u00f3n.<br \/>\nComprometidos con la calidad y el servicio, contamos con personal capacitado en soporte t\u00e9cnico, dise\u00f1o de software y administraci\u00f3n de redes, as\u00ed como tambi\u00e9n contamos con los mejores proveedores de hardware para brindarle lo mejor del mercado al mejor precio.<\/p>\n<p align=\"justify\">En nuestra empresa primero esta el cliente, por eso cada uno de nuestros valores reflejan la importancia que usted tiene para nosotros.<\/p>\n<p align=\"justify\">\n<p align=\"justify\">Nuestra Sede principal se encuentra ubicada en El Espinal Tolima &#8211; Colombia, nuestra sub sede en Quito &#8211; Ecuador.<\/p>\n<p><center><img decoding=\"async\" loading=\"lazy\" src=\"https:\/\/comunisoft.com\/web\/wp-content\/uploads\/2019\/09\/1920x550-2-300x86.png\" alt=\"\" width=\"300\" height=\"86\" class=\"alignnone size-medium wp-image-27\" srcset=\"https:\/\/comunisoft.com\/web\/wp-content\/uploads\/2019\/09\/1920x550-2-300x86.png 300w, https:\/\/comunisoft.com\/web\/wp-content\/uploads\/2019\/09\/1920x550-2-768x220.png 768w, https:\/\/comunisoft.com\/web\/wp-content\/uploads\/2019\/09\/1920x550-2-1024x293.png 1024w, https:\/\/comunisoft.com\/web\/wp-content\/uploads\/2019\/09\/1920x550-2-750x215.png 750w, https:\/\/comunisoft.com\/web\/wp-content\/uploads\/2019\/09\/1920x550-2.png 1920w\" sizes=\"(max-width: 300px) 100vw, 300px\" \/><\/center><\/p>\n","protected":false},"excerpt":{"rendered":"<p>COMUNISOFT es una pieza clave en un grupo de sitios especializados en consultor\u00eda asociada a [&hellip;]<\/p>\n","protected":false},"author":1,"featured_media":0,"parent":0,"menu_order":0,"comment_status":"closed","ping_status":"closed","template":"","meta":{"footnotes":""},"_links":{"self":[{"href":"https:\/\/comunisoft.com\/web\/wp-json\/wp\/v2\/pages\/8"}],"collection":[{"href":"https:\/\/comunisoft.com\/web\/wp-json\/wp\/v2\/pages"}],"about":[{"href":"https:\/\/comunisoft.com\/web\/wp-json\/wp\/v2\/types\/page"}],"author":[{"embeddable":true,"href":"https:\/\/comunisoft.com\/web\/wp-json\/wp\/v2\/users\/1"}],"replies":[{"embeddable":true,"href":"https:\/\/comunisoft.com\/web\/wp-json\/wp\/v2\/comments?post=8"}],"version-history":[{"count":5,"href":"https:\/\/comunisoft.com\/web\/wp-json\/wp\/v2\/pages\/8\/revisions"}],"predecessor-version":[{"id":65,"href":"https:\/\/comunisoft.com\/web\/wp-json\/wp\/v2\/pages\/8\/revisions\/65"}],"wp:attachment":[{"href":"https:\/\/comunisoft.com\/web\/wp-json\/wp\/v2\/media?parent=8"}],"curies":[{"name":"wp","href":"https:\/\/api.w.org\/{rel}","templated":true}]}}